{"id":147,"date":"2025-06-11T16:12:53","date_gmt":"2025-06-11T16:12:53","guid":{"rendered":"https:\/\/ivanvega.cl\/?post_type=product&#038;p=147"},"modified":"2025-06-12T12:04:36","modified_gmt":"2025-06-12T12:04:36","slug":"galpon-zona-franca-iquique","status":"publish","type":"product","link":"https:\/\/ivanvega.cl\/index.php\/producto\/galpon-zona-franca-iquique\/","title":{"rendered":"Galp\u00f3n Zona Franca &#8211; Iquique"},"content":{"rendered":"<p><strong>Galpones en Zona Franca Iquique, incorporados en un terreno de 2 hect\u00e1reas<\/strong><\/p>\n<ul>\n<li>Superficie : 1.945,43 Metros cuadrados<\/li>\n<li>Precio Venta: UF 7.781,72 (UF 4\/metro cuadrado)<\/li>\n<li>Gasto com\u00fan: Se calcula y reajusta de acuerdo a lo establecido en el reglamento de Copropiedad.<\/li>\n<li>Puesta en Marcha: UF 4,67 (UF 0,0024\/ metro cuadrado se paga una vez)<\/li>\n<li>Escritura Promesa: Pago 10% valor total de la venta.<\/li>\n<li>Escritura compraventa: pago 90% del valor total de la venta<\/li>\n<\/ul>\n<p>&nbsp;<\/p>\n<ul>\n<li>Condiciones del Terreno: El sitio se entrega eriazo con sus v\u00e9rtices trazados. Cuenta con un arranque para agua potable, una uni\u00f3n domiciliaria para alcantarillado y un punto de conexi\u00f3n a un empalme provisorio de faena monof\u00e1sico de 8kw.<\/li>\n<\/ul>\n<p>&nbsp;<\/p>\n<p><strong>Contacto: <\/strong><span class=\"position-relative wp-block-kubio-iconlistitem__text style-vXm5NzKLt_Z-text style-local-8-text\">+56 9 6321 9125 \/ <\/span>\u00a0ivanvega.cl@gmail.com<\/p>\n","protected":false},"excerpt":{"rendered":"<p>Galpones en Zona Franca Iquique, icorporados en un terreno de 2 hect\u00e1reas<\/p>\n<ul>\n<li>Superficie : 1.945,43 Metros cuadrados<\/li>\n<li>Precio Venta: UF 7.781,72 (UF 4\/metro cuadrado)<\/li>\n<li>Gasto com\u00fan: Se calcula y reajusta de acuerdo a lo establecido en el reglamento de Copropiedad.<\/li>\n<li>Puesta en Marcha: UF 4,67 (UF 0,0024\/ metro cuadrado se paga una vez)<\/li>\n<li>Escritura Promesa: Pago 10% valor total de la venta.<\/li>\n<li>Escritura compraventa: pago 90% del valor total de la venta<\/li>\n<\/ul>\n<p>&nbsp;<\/p>\n<ul>\n<li>Condiciones del Terreno: El sitio se entrega eriazo con sus v\u00e9rtices trazados. Cuenta con un arranque para agua potable, una uni\u00f3n domiciliaria para alcantarillado y un punto de conexi\u00f3n a un empalme provisorio de faena monof\u00e1sico de 8kw.<\/li>\n<\/ul>\n","protected":false},"featured_media":148,"comment_status":"open","ping_status":"closed","template":"","meta":{"saved_in_kubio":false},"product_brand":[],"product_cat":[24],"product_tag":[27,34,36,37,35,28,25,30,29,33,26,32,31],"class_list":{"0":"post-147","1":"product","2":"type-product","3":"status-publish","4":"has-post-thumbnail","6":"product_cat-bodegas","7":"product_tag-bodega","8":"product_tag-casa","9":"product_tag-corredor","10":"product_tag-corretaje","11":"product_tag-edificacion","12":"product_tag-galpon","13":"product_tag-iquique","14":"product_tag-ivanvega","15":"product_tag-propiedades","16":"product_tag-sitio","17":"product_tag-tarapaca","18":"product_tag-terreno","19":"product_tag-zofri","21":"first","22":"instock","23":"shipping-taxable","24":"product-type-simple"},"_links":{"self":[{"href":"https:\/\/ivanvega.cl\/index.php\/wp-json\/wp\/v2\/product\/147","targetHints":{"allow":["GET"]}}],"collection":[{"href":"https:\/\/ivanvega.cl\/index.php\/wp-json\/wp\/v2\/product"}],"about":[{"href":"https:\/\/ivanvega.cl\/index.php\/wp-json\/wp\/v2\/types\/product"}],"replies":[{"embeddable":true,"href":"https:\/\/ivanvega.cl\/index.php\/wp-json\/wp\/v2\/comments?post=147"}],"wp:featuredmedia":[{"embeddable":true,"href":"https:\/\/ivanvega.cl\/index.php\/wp-json\/wp\/v2\/media\/148"}],"wp:attachment":[{"href":"https:\/\/ivanvega.cl\/index.php\/wp-json\/wp\/v2\/media?parent=147"}],"wp:term":[{"taxonomy":"product_brand","embeddable":true,"href":"https:\/\/ivanvega.cl\/index.php\/wp-json\/wp\/v2\/product_brand?post=147"},{"taxonomy":"product_cat","embeddable":true,"href":"https:\/\/ivanvega.cl\/index.php\/wp-json\/wp\/v2\/product_cat?post=147"},{"taxonomy":"product_tag","embeddable":true,"href":"https:\/\/ivanvega.cl\/index.php\/wp-json\/wp\/v2\/product_tag?post=147"}],"curies":[{"name":"wp","href":"https:\/\/api.w.org\/{rel}","templated":true}]}}